{"id":566,"date":"2025-07-20T15:09:56","date_gmt":"2025-07-20T13:09:56","guid":{"rendered":"https:\/\/rochoy.fr\/outreau\/?page_id=566"},"modified":"2025-07-20T15:30:02","modified_gmt":"2025-07-20T13:30:02","slug":"les-territoires-perdus-doutreau","status":"publish","type":"page","link":"https:\/\/rochoy.fr\/outreau\/les-territoires-perdus-doutreau\/","title":{"rendered":"Les territoires perdus d&rsquo;Outreau"},"content":{"rendered":"\n<p><strong>Avertissement<\/strong> : bien que ce titre puisse \u00e9voquer une aventure d&rsquo;Indiana Jones, il ne s&rsquo;agira pas de reconqu\u00e9rir les territoires c\u00e9d\u00e9s par Outreau \u00e0 Boulogne-sur-Mer, Le Portel, Equihen-Plage ou Saint-L\u00e9onard au cours des 300 derni\u00e8res ann\u00e9es.<\/p>\n\n\n\n<p>En effet, depuis 1835, la surface d\u2019Outreau n\u2019a cess\u00e9 de diminuer, avec la perte de Cap\u00e9cure, de Le Portel, d\u2019Equihen-Plage et de quelques territoires pour Boulogne-sur-Mer et Saint-L\u00e9onard&nbsp;! [Telmedia, 2025, <em>Archives &#8211; Pas-de-Calais le D\u00e9partement<\/em>]<\/p>\n\n\n\n<h2 class=\"wp-block-heading\">Aux portes de Cap\u00e9cure (26 f\u00e9vrier 1835)<\/h2>\n\n\n\n<p>C\u2019est \u00e0 Cap\u00e9cure le 24 mars 1550 qu\u2019est sign\u00e9e la paix entre la France et l\u2019Angleterre.<\/p>\n\n\n\n<h3 class=\"wp-block-heading\">D\u00e9veloppement de Cap\u00e9cure&nbsp;: ch\u00e2teau Decajeul r\u00e9quisitionn\u00e9 par la Marine<\/h3>\n\n\n\n<p>Sur un terrain achet\u00e9 en 1745 sur la rive gauche de la Liane, le baron Decajeul fait b\u00e2tir un beau ch\u00e2teau, coiff\u00e9 d\u2019une toiture bris\u00e9e et d\u2019un parc clos de mur [D\u00e9tr\u00e9 Jean-Marc, 2024, <em>Outreau &#8211; Le Portel &#8211; Equihen-Plage par l\u2019image<\/em>]. Le ch\u00e2teau est r\u00e9quisitionn\u00e9 par la Marine au moment du camp de Boulogne (1803-1805).<\/p>\n\n\n\n<p>Selon J. Tardieu, la demeure est c\u00e9d\u00e9e par le gouvernement par le gouvernement fran\u00e7ais au colonel Sansot, qui la revend en 1831 \u00e0 E. Darvall, gentilhomme anglais&nbsp; [D\u00e9tr\u00e9 Jean-Marc, 2024, <em>Outreau &#8211; Le Portel &#8211; Equihen-Plage par l\u2019image<\/em>]. Napol\u00e9on III y \u00e9tablie son quartier g\u00e9n\u00e9ral pendant la dur\u00e9e des man\u0153uvres des camps du Nord en 1855, o\u00f9 il recevra L\u00e9pold Ier roi des Belges, le roi du Portugal, la reine Victoria et le prince consort Albert. La b\u00e2tisse sera d\u00e9truite par les bombardements de la Seconde Guerre mondiale.<\/p>\n\n\n\n<h3 class=\"wp-block-heading\">D\u00e9veloppement de Cap\u00e9cure&nbsp;: propri\u00e9t\u00e9s Chanlaire vendues \u00e0 Huguet et Adam<\/h3>\n\n\n\n<p>A l\u2019extr\u00e9mit\u00e9 oppos\u00e9e de cette zone de Cap\u00e9cure dont il \u00e9tait propri\u00e9taire d\u2019une partie tr\u00e8s importante des terrains vagues, <strong>Armand-Fran\u00e7ois Chanlaire<\/strong>, commissaire de marine, fait \u00e9difier une maison de campagne d\u00e8s 1762.<\/p>\n\n\n\n<p>En 1803, la partie occidentale du camp de Boulogne est implant\u00e9e avec un bassin semi-circulaire (actuel bassin Napol\u00e9on) et un arsenal (arsenal Chanlaire). En 1827, <strong>Anatole-L\u00e9on-Marie Chanlaire<\/strong>, ancien de la Flotille, fils d\u2019Armand-Fran\u00e7ois, h\u00e9rite des propri\u00e9t\u00e9s de Cap\u00e9cure&nbsp;; il les vend \u00e0 <strong>Auguste Huguet<\/strong> et \u00e0 la <strong>famille Adam<\/strong> avant de quitter d\u00e9finitivement Boulogne.<\/p>\n\n\n\n<h3 class=\"wp-block-heading\">D\u00e9veloppement de Cap\u00e9cure&nbsp;: des mar\u00e9cages \u00e0 l\u2019agriculture<\/h3>\n\n\n\n<p>Cap\u00e9cure est originellement mar\u00e9cageux, remplac\u00e9 par des terrains agricoles. L\u2019\u00e9tendue agreste, bois\u00e9e, parcourue de haies est un lieu privil\u00e9gi\u00e9 de l\u2019habitat r\u00e9sidentiel, avec plusieurs ch\u00e2teaux construits.<\/p>\n\n\n\n<p>Dans son projet d\u2019invasion de l\u2019Angleterre, Napol\u00e9on Ier va modifier le Boulonnais&nbsp;: cr\u00e9ation du pont de service (1801, remplac\u00e9 par le Pont Marguet apr\u00e8s 1853) et du pont de l\u2019Ecluse (1803, remplac\u00e9 par le pont de la Lampe puis de l\u2019Entente Cordiale)<a> <\/a>[D\u00e9tr\u00e9 Jean-Marc, 2024, <em>Outreau &#8211; Le Portel &#8211; Equihen-Plage par l\u2019image<\/em>].<\/p>\n\n\n\n<p>Le pont Marguet a une double fonction&nbsp;: pont (pour traverser la liane) et barrage (pour r\u00e9guler le niveau du fleuve et des eaux marines, gr\u00e2ce \u00e0 la pr\u00e9sence d\u2019une \u00e9cluse associ\u00e9e). Construit sous le mandat de Louis Fontaine (maire de 1849 \u00e0 1855), le pont porte le nom de son concepteur, l\u2019ing\u00e9nieur des Ponts et Chauss\u00e9es Pierre Marguet. L\u2019inauguration pr\u00e9sid\u00e9e par Napol\u00e9on III le 28 septembre 1853 se fera sans l\u2019ing\u00e9nieur, d\u00e9c\u00e9d\u00e9 auparavant. Cet ouvrage remplace le pont de service \u00e9tabli en 1801 plus de 200 m\u00e8tres en amont de l\u2019actuel et d\u00e9truit en 1854.<\/p>\n\n\n\n<p>An\u00e9anti durant la seconde guerre mondiale, le pont Marguet est r\u00e9par\u00e9 puis remplac\u00e9 par une nouvelle construction de l\u2019ing\u00e9nieur Peyronnet, inaugur\u00e9e en juin 1959.<\/p>\n\n\n\n<h3 class=\"wp-block-heading\">Cap\u00e9cure rattach\u00e9e \u00e0 Boulogne-sur-mer (1835)<\/h3>\n\n\n\n<p>Pour agrandir le port, une demande de rattachement de Cap\u00e9cure \u00e0 Boulogne est faite le 29 avril 1804 mais refus\u00e9e par Outreau&nbsp;; l\u2019ordonnance royale du <strong>26 f\u00e9vrier 1835<\/strong> l\u2019officialise [D\u00e9tr\u00e9 Jean-Marc, 2024, <em>Outreau &#8211; Le Portel &#8211; Equihen-Plage par l\u2019image<\/em>].<\/p>\n\n\n\n<p>Avec l\u2019\u00e9tablissement de la ligne Paris-Amiens-Boulogne, Cap\u00e9cure et sa gare deviennent le point de d\u00e9part et d\u2019arriv\u00e9e d\u2019un important trafic commercial [D\u00e9tr\u00e9 Jean-Marc, 2024, <em>Outreau &#8211; Le Portel &#8211; Equihen-Plage par l\u2019image<\/em>]. Cette ligne a permis aux industries de s\u2019implanter \u00e0 Outreau.<\/p>\n\n\n\n<p>Le bassin \u00e0 flot a \u00e9t\u00e9 creus\u00e9 de 1859 \u00e0 1868 [Texier Fabienne, 2013, <em>Boulogne-sur-mer il y a 100 ans en cartes postales anciennes<\/em>].<\/p>\n\n\n\n<p>L\u2019\u00e9glise Saint-Vincent-de-Paul est lanc\u00e9e \u00e0 partir de 1858 par la mnucipalit\u00e9 de Lousi Fontaine, avec l\u2019architecte Debayser. Ouverte au culte le 30 mars 1862, elle est consacr\u00e9e le 19 juillet&nbsp;; bombard\u00e9e et incendi\u00e9e en 1940, elle dispara\u00eet apr\u00e8s le bombardement du 15 juin 1944 [Texier Fabienne, 2013, <em>Boulogne-sur-mer il y a 100 ans en cartes postales anciennes<\/em>]<\/p>\n\n\n\n<p>Aussi curieux que cela puisse para\u00eetre aujourd\u2019hui, les activit\u00e9s \u00e9conomiques de Cap\u00e9cure en font un quartier dynamique et tr\u00e8s peupl\u00e9 jusqu\u2019\u00e0 la Seconde guerre mondiale, avec de nombreuses maisons de campagne le long de la Liane au XIX\u00e8me si\u00e8cle&nbsp;; on voit encore les toitures de ces maisons au-dessus de certains hangars\u2026&nbsp;<\/p>\n\n\n\n<h3 class=\"wp-block-heading\">Chemin de fer de Cap\u00e9cure<\/h3>\n\n\n\n<p>L\u2019\u00e9tablissement de la ligne ferroviaire Paris-Amiens-Boulogne fait de Cap\u00e9cure (et sa gare) le point de d\u00e9part et d\u2019arriv\u00e9e d\u2019un important trafic commercial [D\u00e9tr\u00e9 Jean-Marc, 2024, <em>Outreau &#8211; Le Portel &#8211; Equihen-Plage par l\u2019image<\/em>].<\/p>\n\n\n\n<h3 class=\"wp-block-heading\">Autre territoire perdu pour Boulogne-sur-Mer<\/h3>\n\n\n\n<p>Les limites communales avec Boulogne-sur-Mer ont aussi \u00e9t\u00e9 modifi\u00e9es par un d\u00e9cret du 5 f\u00e9vrier 1962 [Telmedia, 2025, <em>Archives &#8211; Pas-de-Calais le D\u00e9partement<\/em>].<\/p>\n\n\n\n<h2 class=\"wp-block-heading\">Aux portes du Portel (13 juin 1856)<\/h2>\n\n\n\n<p>En 1787, le hameau du Portel cr\u00e9e une \u00e9cole&nbsp;; le 11 mai 1836, l\u2019\u00e9glise Saint-Pierre est inaugur\u00e9e et acte une premi\u00e8re reconnaissance eccl\u00e9siale avec l\u2019apparition de la paroisse du Portel sur la carte dioc\u00e9saine. <\/p>\n\n\n\n<p>De nombreuses d\u00e9marches d\u2019ind\u00e9pendances sont engag\u00e9es aupr\u00e8s du conseil g\u00e9n\u00e9ral et du conseil d\u2019arrondissement, en vain. Lors d\u2019une tourn\u00e9e d\u2019inspection du camp d\u2019Equihen par Napol\u00e9on III, une d\u00e9l\u00e9gation porteloise lui soumet une p\u00e9tition paraph\u00e9e par 204 signataires pour r\u00e9clamer l\u2019ind\u00e9pendance. <\/p>\n\n\n\n<p><strong>Le 13 juin 1856<\/strong>, un d\u00e9cret imp\u00e9rial accorde au hameau du Portel le statut de commune et lui attribue une comp\u00e9tence territoriale de 253 hectares&nbsp;; Gabriel Fourcroy en est le premier maire [D\u00e9tr\u00e9 Jean-Marc, 2024, <em>Outreau &#8211; Le Portel &#8211; Equihen-Plage par l\u2019image<\/em>].<a href=\"%0dhttps:\/fortdelheurt.e-monsite.com\/?fbclid=IwZXh0bgNhZW0CMTEAAR7kKnvpDymI8xlemdVji5NCwybAO76XBfEZSW2g8bPtYQZEAC-BC7T_eUWDJQ_aem_sWdhoU93OebeFNNFHC16wA\"><\/a><\/p>\n\n\n\n<h2 class=\"wp-block-heading\">Aux portes d\u2019Equihen (4 juin 1939)<\/h2>\n\n\n\n<p>Au milieu du XIX\u00e8me si\u00e8cle, le hameau d\u2019Equihen est isol\u00e9. En 1856, la population et des militaires du camp d\u2019Equihen b\u00e2tissent une \u00e9glise, son presbyt\u00e8re et une \u00e9cole de filles, sous l\u2019impulsion de l\u2019abb\u00e9 Lab\u00e8gue. Le village de p\u00eacheur attire artistes et peintres de la c\u00f4te d\u2019Opale. Apr\u00e8s une premi\u00e8re requ\u00eate d\u2019\u00e9mancipation en 1896, une loi du <strong>4 avril 1939 <\/strong>institue la commune d\u2019Equihen-Plage [Telmedia, 2025, <em>Archives &#8211; Pas-de-Calais le D\u00e9partement<\/em>].<\/p>\n\n\n\n<h3 class=\"wp-block-heading\">Crique de Ningles<\/h3>\n\n\n\n<p>Ningles \u00e9tait un hameau d&rsquo;Outreau, jusqu&rsquo;en 1939.<\/p>\n\n\n\n<h2 class=\"wp-block-heading\">Aux portes de Saint-L\u00e9onard<\/h2>\n\n\n\n<p>Un arr\u00eat\u00e9 pr\u00e9fectoral du 3 avril 1973 a rattach\u00e9 des parcelles d&rsquo;Outreau \u00e0 Saint-L\u00e9onard [Telmedia, 2025, <em>Archives &#8211; Pas-de-Calais le D\u00e9partement<\/em>]<\/p>\n","protected":false},"excerpt":{"rendered":"<p>Avertissement : bien que ce titre puisse \u00e9voquer une aventure d&rsquo;Indiana Jones, il ne s&rsquo;agira pas de reconqu\u00e9rir les territoires c\u00e9d\u00e9s par Outreau \u00e0 Boulogne-sur-Mer, Le Portel, Equihen-Plage ou Saint-L\u00e9onard au cours des 300 derni\u00e8res ann\u00e9es. En effet, depuis 1835, la surface d\u2019Outreau n\u2019a cess\u00e9 de diminuer, avec la perte de Cap\u00e9cure, de Le Portel, &hellip; <a href=\"https:\/\/rochoy.fr\/outreau\/les-territoires-perdus-doutreau\/\" class=\"more-link\">Continuer la lecture<span class=\"screen-reader-text\"> de &laquo;&nbsp;Les territoires perdus d&rsquo;Outreau&nbsp;&raquo;<\/span><\/a><\/p>\n","protected":false},"author":1,"featured_media":0,"parent":0,"menu_order":0,"comment_status":"closed","ping_status":"closed","template":"","meta":{"footnotes":""},"class_list":["post-566","page","type-page","status-publish","hentry"],"jetpack_sharing_enabled":true,"_links":{"self":[{"href":"https:\/\/rochoy.fr\/outreau\/wp-json\/wp\/v2\/pages\/566","targetHints":{"allow":["GET"]}}],"collection":[{"href":"https:\/\/rochoy.fr\/outreau\/wp-json\/wp\/v2\/pages"}],"about":[{"href":"https:\/\/rochoy.fr\/outreau\/wp-json\/wp\/v2\/types\/page"}],"author":[{"embeddable":true,"href":"https:\/\/rochoy.fr\/outreau\/wp-json\/wp\/v2\/users\/1"}],"replies":[{"embeddable":true,"href":"https:\/\/rochoy.fr\/outreau\/wp-json\/wp\/v2\/comments?post=566"}],"version-history":[{"count":2,"href":"https:\/\/rochoy.fr\/outreau\/wp-json\/wp\/v2\/pages\/566\/revisions"}],"predecessor-version":[{"id":572,"href":"https:\/\/rochoy.fr\/outreau\/wp-json\/wp\/v2\/pages\/566\/revisions\/572"}],"wp:attachment":[{"href":"https:\/\/rochoy.fr\/outreau\/wp-json\/wp\/v2\/media?parent=566"}],"curies":[{"name":"wp","href":"https:\/\/api.w.org\/{rel}","templated":true}]}}