{"id":564,"date":"2025-07-20T18:36:49","date_gmt":"2025-07-20T16:36:49","guid":{"rendered":"https:\/\/rochoy.fr\/outreau\/?page_id=564"},"modified":"2025-07-20T18:36:50","modified_gmt":"2025-07-20T16:36:50","slug":"armoiries-doutreau","status":"publish","type":"page","link":"https:\/\/rochoy.fr\/outreau\/armoiries-doutreau\/","title":{"rendered":"Armoiries d&rsquo;Outreau"},"content":{"rendered":"<div class=\"wp-block-image\">\n<figure class=\"aligncenter size-full is-resized\"><img loading=\"lazy\" decoding=\"async\" width=\"212\" height=\"316\" src=\"https:\/\/rochoy.fr\/outreau\/wp-content\/uploads\/2025\/07\/image-1.png\" alt=\"\" class=\"wp-image-622\" style=\"width:447px;height:auto\" srcset=\"https:\/\/rochoy.fr\/outreau\/wp-content\/uploads\/2025\/07\/image-1.png 212w, https:\/\/rochoy.fr\/outreau\/wp-content\/uploads\/2025\/07\/image-1-201x300.png 201w\" sizes=\"auto, (max-width: 212px) 85vw, 212px\" \/><figcaption class=\"wp-element-caption\"><strong>De gueules au ph\u00e9nix sur son immortalit\u00e9 d&rsquo;or, mouvant d&rsquo;une devise de sable elle-m\u00eame pos\u00e9e sur une mer d&rsquo;azur ; au chef d&rsquo;argent \u00e0 deux bandes de gueules<\/strong> (1950)<\/figcaption><\/figure>\n<\/div>\n\n\n<p>Les armoiries d&rsquo;Outreau ont \u00e9t\u00e9 adopt\u00e9es officiellement par le Conseil municipal le 24 mars 1950 [<a href=\"https:\/\/armorialdefrance.fr\/page_blason.php?ville=12423\">Armorial du Pas-de-Calais, tome II, P. Br\u00e9emersch, J-Y. L\u00e9opold, p. 71<\/a>]. <\/p>\n\n\n\n<p>Elles r\u00e9sument l\u2019histoire d&rsquo;apr\u00e8s guerre d\u2019Outreau. <\/p>\n\n\n\n<p>Les deux bandes de gueules (en haut) rappellent les armoiries qui se trouvaient sur la ferme de la Salle, patrimoine historique de la commune d\u00e9truit durant la Seconde Guerre Mondiale. <\/p>\n\n\n\n<p>En pointe (en bas), l\u2019eau est une allusion au nom originel de la cit\u00e9 \u00ab\u00a0Outre l\u2019eau\u00a0\u00bb (<em>Ultra aquam<\/em>) \u2014 car au-del\u00e0 de la Liane, par rapport \u00e0 \u00e0 Boulogne-sur-mer. Y est accroch\u00e9e la Croix de Guerre avec \u00e9toile d&rsquo;argent, qu&rsquo;Outreau a re\u00e7u le 11 novembre 1948.<\/p>\n\n\n\n<p>Entre deux, le Ph\u00e9nix symbolise la r\u00e9surrection d\u2019Outreau, d\u00e9truite \u00e0 environ 90\u00a0% par plus de 400 bombardements lors de la Seconde Guerre Mondiale \u2014\u00a0vous pouvez retrouver le Ph\u00e9nix sur le toit de la mairie ou dans le nom de la salle des f\u00eates.<\/p>\n\n\n\n<p>La devise \u00ab\u00a0Resurgat\u00a0\u00bb (\u00ab\u00a0Qu\u2019elle se rel\u00e8ve\u00a0\u00bb) symbolise \u00e9galement la volont\u00e9 tenace des Outrelois de reb\u00e2tir leur ville. Enfin, le trait noir symbolise les deuils de la ville [Centre culturel et social Jacques Brel, 2005, <em>Outreau d\u2019hier \u00e0 aujourd\u2019hui<\/em>]. <\/p>\n\n\n<div class=\"wp-block-image\">\n<figure class=\"aligncenter size-full is-resized\"><img loading=\"lazy\" decoding=\"async\" width=\"329\" height=\"452\" src=\"https:\/\/rochoy.fr\/outreau\/wp-content\/uploads\/2025\/07\/image-2.png\" alt=\"\" class=\"wp-image-627\" style=\"width:457px;height:auto\" srcset=\"https:\/\/rochoy.fr\/outreau\/wp-content\/uploads\/2025\/07\/image-2.png 329w, https:\/\/rochoy.fr\/outreau\/wp-content\/uploads\/2025\/07\/image-2-218x300.png 218w\" sizes=\"auto, (max-width: 329px) 85vw, 329px\" \/><figcaption class=\"wp-element-caption\">Armoiries de la famille de la Salle (gouache du peintre h\u00e9raldiste de La Louvi\u00e8re (Belgique) Marcel Stiennon), transmis par Jacques Dulphy sur <a href=\"https:\/\/armorialdefrance.fr\/page_blason.php?ville=12423\">le site L&rsquo;Armorial<\/a>.<\/figcaption><\/figure>\n<\/div>\n\n\n<p><\/p>\n\n\n\n<figure class=\"wp-block-image size-large\"><img loading=\"lazy\" decoding=\"async\" width=\"832\" height=\"1024\" src=\"https:\/\/rochoy.fr\/outreau\/wp-content\/uploads\/2025\/07\/Capture-decran-2025-07-20-a-18.34.08-832x1024.png\" alt=\"\" class=\"wp-image-629\" srcset=\"https:\/\/rochoy.fr\/outreau\/wp-content\/uploads\/2025\/07\/Capture-decran-2025-07-20-a-18.34.08-832x1024.png 832w, https:\/\/rochoy.fr\/outreau\/wp-content\/uploads\/2025\/07\/Capture-decran-2025-07-20-a-18.34.08-244x300.png 244w, https:\/\/rochoy.fr\/outreau\/wp-content\/uploads\/2025\/07\/Capture-decran-2025-07-20-a-18.34.08-768x945.png 768w, https:\/\/rochoy.fr\/outreau\/wp-content\/uploads\/2025\/07\/Capture-decran-2025-07-20-a-18.34.08-1200x1477.png 1200w, https:\/\/rochoy.fr\/outreau\/wp-content\/uploads\/2025\/07\/Capture-decran-2025-07-20-a-18.34.08.png 1248w\" sizes=\"auto, (max-width: 832px) 85vw, 832px\" \/><figcaption class=\"wp-element-caption\">Citation d&rsquo;Outreau avec attribution de la Croix de Guerre avec Etoile d&rsquo;Argent, pour \u00ab\u00a0sto\u00efcisme et courage\u00a0\u00bb lors des bombardements, et \u00ab\u00a0lutte clandestine contre l&rsquo;occupant\u00a0\u00bb. <\/figcaption><\/figure>\n\n\n\n<figure class=\"wp-block-image size-large\"><img loading=\"lazy\" decoding=\"async\" width=\"707\" height=\"1024\" src=\"https:\/\/rochoy.fr\/outreau\/wp-content\/uploads\/2025\/07\/Capture-decran-2025-07-20-a-18.36.16-707x1024.png\" alt=\"\" class=\"wp-image-630\" srcset=\"https:\/\/rochoy.fr\/outreau\/wp-content\/uploads\/2025\/07\/Capture-decran-2025-07-20-a-18.36.16-707x1024.png 707w, https:\/\/rochoy.fr\/outreau\/wp-content\/uploads\/2025\/07\/Capture-decran-2025-07-20-a-18.36.16-207x300.png 207w, https:\/\/rochoy.fr\/outreau\/wp-content\/uploads\/2025\/07\/Capture-decran-2025-07-20-a-18.36.16-768x1113.png 768w, https:\/\/rochoy.fr\/outreau\/wp-content\/uploads\/2025\/07\/Capture-decran-2025-07-20-a-18.36.16.png 886w\" sizes=\"auto, (max-width: 707px) 85vw, 707px\" \/><figcaption class=\"wp-element-caption\">Croix de Guerre avec Etoile d&rsquo;Argent de la ville d&rsquo;Outreau (1948)<\/figcaption><\/figure>\n","protected":false},"excerpt":{"rendered":"<p>Les armoiries d&rsquo;Outreau ont \u00e9t\u00e9 adopt\u00e9es officiellement par le Conseil municipal le 24 mars 1950 [Armorial du Pas-de-Calais, tome II, P. Br\u00e9emersch, J-Y. L\u00e9opold, p. 71]. Elles r\u00e9sument l\u2019histoire d&rsquo;apr\u00e8s guerre d\u2019Outreau. Les deux bandes de gueules (en haut) rappellent les armoiries qui se trouvaient sur la ferme de la Salle, patrimoine historique de la &hellip; <a href=\"https:\/\/rochoy.fr\/outreau\/armoiries-doutreau\/\" class=\"more-link\">Continuer la lecture<span class=\"screen-reader-text\"> de &laquo;&nbsp;Armoiries d&rsquo;Outreau&nbsp;&raquo;<\/span><\/a><\/p>\n","protected":false},"author":1,"featured_media":0,"parent":0,"menu_order":0,"comment_status":"closed","ping_status":"closed","template":"","meta":{"footnotes":""},"class_list":["post-564","page","type-page","status-publish","hentry"],"jetpack_sharing_enabled":true,"_links":{"self":[{"href":"https:\/\/rochoy.fr\/outreau\/wp-json\/wp\/v2\/pages\/564","targetHints":{"allow":["GET"]}}],"collection":[{"href":"https:\/\/rochoy.fr\/outreau\/wp-json\/wp\/v2\/pages"}],"about":[{"href":"https:\/\/rochoy.fr\/outreau\/wp-json\/wp\/v2\/types\/page"}],"author":[{"embeddable":true,"href":"https:\/\/rochoy.fr\/outreau\/wp-json\/wp\/v2\/users\/1"}],"replies":[{"embeddable":true,"href":"https:\/\/rochoy.fr\/outreau\/wp-json\/wp\/v2\/comments?post=564"}],"version-history":[{"count":4,"href":"https:\/\/rochoy.fr\/outreau\/wp-json\/wp\/v2\/pages\/564\/revisions"}],"predecessor-version":[{"id":631,"href":"https:\/\/rochoy.fr\/outreau\/wp-json\/wp\/v2\/pages\/564\/revisions\/631"}],"wp:attachment":[{"href":"https:\/\/rochoy.fr\/outreau\/wp-json\/wp\/v2\/media?parent=564"}],"curies":[{"name":"wp","href":"https:\/\/api.w.org\/{rel}","templated":true}]}}