{"id":323,"date":"2025-07-12T15:56:31","date_gmt":"2025-07-12T13:56:31","guid":{"rendered":"https:\/\/rochoy.fr\/outreau\/?page_id=323"},"modified":"2025-12-12T11:35:53","modified_gmt":"2025-12-12T10:35:53","slug":"methodologie-et-sources","status":"publish","type":"page","link":"https:\/\/rochoy.fr\/outreau\/methodologie-et-sources\/","title":{"rendered":"M\u00e9thodologie et sources"},"content":{"rendered":"\n<p>Le travail de ce site consiste \u00e0 <strong>lister les rues<\/strong>, en<strong> donner des informations g\u00e9n\u00e9rales<\/strong>, trouver la <strong>date de d\u00e9nomination de la rue<\/strong>, puis <strong>classer les rues par quartiers<\/strong>, trier les <strong>noms par type<\/strong>, recenser les <strong>\u00e9l\u00e9ments notables dans ces rues<\/strong>, proposer <strong>quelques photos d&rsquo;\u00e9poque <\/strong>(avant le premier passage de Google Earth en 2009 notamment).<\/p>\n\n\n\n<h3 class=\"wp-block-heading\">Lister les rues<\/h3>\n\n\n\n<p>Pour lister les rues, j&rsquo;utilise le site national de l&rsquo;adresse : <a href=\"https:\/\/adresse.data.gouv.fr\/carte-base-adresse-nationale?id=62643#50.697503_1.591000_12.90\">adresse.data.gouv.fr<\/a><\/p>\n\n\n\n<p>Au 12 juillet 2025, ce site gouvernemental d\u00e9nombre 225 odonymes (voies, places et lieux-dits), avec 5546 adresses pour 13 270 habitants. <\/p>\n\n\n\n<h3 class=\"wp-block-heading\">Donner des informations g\u00e9n\u00e9rales<\/h3>\n\n\n\n<p>Le nombre d&rsquo;adresses et les coordonn\u00e9es g\u00e9ographiques (position) de la rue sont pr\u00e9cis\u00e9es sur le m\u00eame site <a href=\"https:\/\/adresse.data.gouv.fr\/carte-base-adresse-nationale?id=62643#50.697503_1.591000_12.90\">adresse.data.gouv.fr<\/a><\/p>\n\n\n\n<p>Le nom de la rue est d\u00e9taill\u00e9 par des recherches simples. Une attention est port\u00e9e principalement aux personnalit\u00e9s locales, avec dans ce cas des recherches plus exhaustives sur le lien entretenu avec Outreau (ex. Raymond Splingard, Antonin Clerc, etc.), notamment dans les livres d&rsquo;histoire locale, dans les bulletins de l&rsquo;Atelier de M\u00e9moire Populaire, sur Gallica ou Retronews via la BNF (*).<\/p>\n\n\n\n<p>(*) M\u00eame si Gallica est libre d&rsquo;acc\u00e8s, pour information pour une vingtaine d&rsquo;euros par an, vous pouvez avoir un acc\u00e8s aux autres ressources \u00e9lectroniques de la Biblioth\u00e8que nationale de France (<a href=\"https:\/\/inscriptionbilletterie.bnf.fr\/\">https:\/\/inscriptionbilletterie.bnf.fr\/<\/a>). <\/p>\n\n\n\n<h3 class=\"wp-block-heading\">Trouver la date de d\u00e9nomination de la rue <\/h3>\n\n\n\n<p>La direction de l&rsquo;urbanisme de la ville de Paris a list\u00e9 ces dates pour plus de 6500 noms sur leur site : <a href=\"https:\/\/opendata.paris.fr\/explore\/dataset\/denominations-emprises-voies-actuelles\/information\/?disjunctive.typvoie&amp;disjunctive.arrdt&amp;disjunctive.feuille&amp;disjunctive.statut&amp;disjunctive.siecle&amp;disjunctive.quartier\">https:\/\/opendata.paris.fr\/explore\/dataset\/denominations-emprises-voies-actuelles\/<\/a><\/p>\n\n\n\n<p>Il n&rsquo;existe pas d&rsquo;obligation similaire en dehors de Paris, mais un des projets (probablement vain) de ce site sera de retrouver les dates de cr\u00e9ation ou (re)d\u00e9nomination des rues d&rsquo;Outreau. <\/p>\n\n\n\n<h3 class=\"wp-block-heading\">Classer les rues par quartiers<\/h3>\n\n\n\n<p>En pratique, <strong>un \u00ab\u00a0quartier\u00a0\u00bb est souvent d\u00e9fini par les habitants eux-m\u00eames<\/strong> : c&rsquo;est un ensemble urbain avec une certaine unit\u00e9&#8230; Le quartier Fraternit\u00e9 peut \u00eatre d\u00e9limit\u00e9 diff\u00e9remment d&rsquo;une personne \u00e0 l&rsquo;autre. Il existe des cartes o\u00f9 le quartier Brel n&rsquo;existe pas, absorb\u00e9 principalement par le quartier Centre. <\/p>\n\n\n\n<p>Pour \u00e9viter tout biais d&rsquo;interpr\u00e9tation, j&rsquo;ai opt\u00e9 pour ce site pour l&rsquo;utilisation des \u00celots de Regroupements pour l&rsquo;Information Statistique (IRIS) d\u00e9finis par l&rsquo;INSEE. Les IRIS sont des zones d\u00e9finies pour les besoins des recensements, dans les communes de plus de 10 000 habitants (et la plupart de celles de plus de 5 000). <\/p>\n\n\n\n<p>Ce choix peut \u00eatre discut\u00e9 : apr\u00e8s tout, l&rsquo;INSEE connait moins Outreau que les Outrelois ! N\u00e9anmoins, il permet une grande reproductibilit\u00e9 et v\u00e9rification de mes donn\u00e9es. Le classement de rues par quartiers a donc \u00e9t\u00e9 fait \u00e0 partir de la carte de l&rsquo;Insee sur les IRIS, dans sa version mise \u00e0 jour en janvier 2025 sur le site Geoportail : <a href=\"https:\/\/www.geoportail.gouv.fr\/donnees\/iris\">https:\/\/www.geoportail.gouv.fr\/donnees\/iris<\/a><\/p>\n\n\n\n<figure class=\"wp-block-image size-large\"><img loading=\"lazy\" decoding=\"async\" width=\"1024\" height=\"500\" src=\"https:\/\/rochoy.fr\/outreau\/wp-content\/uploads\/2025\/07\/Capture-decran-2025-07-12-a-15.14.34-1024x500.png\" alt=\"\" class=\"wp-image-326\" srcset=\"https:\/\/rochoy.fr\/outreau\/wp-content\/uploads\/2025\/07\/Capture-decran-2025-07-12-a-15.14.34-1024x500.png 1024w, https:\/\/rochoy.fr\/outreau\/wp-content\/uploads\/2025\/07\/Capture-decran-2025-07-12-a-15.14.34-300x146.png 300w, https:\/\/rochoy.fr\/outreau\/wp-content\/uploads\/2025\/07\/Capture-decran-2025-07-12-a-15.14.34-768x375.png 768w, https:\/\/rochoy.fr\/outreau\/wp-content\/uploads\/2025\/07\/Capture-decran-2025-07-12-a-15.14.34-1536x750.png 1536w, https:\/\/rochoy.fr\/outreau\/wp-content\/uploads\/2025\/07\/Capture-decran-2025-07-12-a-15.14.34-2048x1000.png 2048w, https:\/\/rochoy.fr\/outreau\/wp-content\/uploads\/2025\/07\/Capture-decran-2025-07-12-a-15.14.34-1200x586.png 1200w\" sizes=\"auto, (max-width: 709px) 85vw, (max-width: 909px) 67vw, (max-width: 1362px) 62vw, 840px\" \/><\/figure>\n\n\n\n<h3 class=\"wp-block-heading\">Trier les noms par type<\/h3>\n\n\n\n<p>Au sein d&rsquo;un m\u00eame quartier, il y a des regroupements : par exemple, dans la ZAC, la rue des Tilleuls, la rue de l&rsquo;Aub\u00e9pine, les r\u00e9sidences des Hortensias ou des Glycines sont li\u00e9es par des appellations de plantes. <\/p>\n\n\n\n<p>J&rsquo;ai propos\u00e9 ces appellations comme des \u00ab\u00a0sous-quartiers\u00a0\u00bb pour les besoins de classement de ce site, et une facilit\u00e9 pour se rep\u00e9rer dans les quelque 200 pages listant les 200 odonymes (rues, places, voies, r\u00e9sidences, etc.). J&rsquo;insiste ici sur le fait que \u00e7a n&rsquo;a pas d&rsquo;existence officielle. <\/p>\n\n\n\n<p>Ces noms \u00ab\u00a0par type\u00a0\u00bb permettent \u00e9galement un autre classement, permettant d&rsquo;identifier le nombre de rues li\u00e9es \u00e0 des plantes, \u00e0 des scientifiques, \u00e0 des femmes, des personnalit\u00e9s locales, etc. <\/p>\n\n\n\n<h3 class=\"wp-block-heading\">Estimer l&rsquo;ant\u00e9riorit\u00e9 des maisons <\/h3>\n\n\n\n<p>Le <a href=\"https:\/\/gorenove.fr\/adresse\">site GoRenove<\/a> du Centre Scientifique et Technique du B\u00e2timent donne les ann\u00e9es de construction des maisons.<\/p>\n\n\n\n<h3 class=\"wp-block-heading\">Recenser les \u00e9l\u00e9ments notables de la rue<\/h3>\n\n\n\n<p>Il s&rsquo;agit du point le plus d\u00e9licat, recoupant les informations de diff\u00e9rentes sources : <\/p>\n\n\n\n<ul class=\"wp-block-list\">\n<li>les sites de Pascal Bernard, historien local : \n<ul class=\"wp-block-list\">\n<li><a href=\"https:\/\/sites.google.com\/site\/outreau2\/outreau?authuser=0\">https:\/\/sites.google.com\/site\/outreau2\/outreau?authuser=0<\/a> <\/li>\n\n\n\n<li><a href=\"https:\/\/sites.google.com\/site\/sitedepascalbernarddoutreau\/home\">https:\/\/sites.google.com\/site\/sitedepascalbernarddoutreau\/home<\/a><\/li>\n<\/ul>\n<\/li>\n\n\n\n<li>le groupe Facebook : <a href=\"https:\/\/www.facebook.com\/groups\/356744306730075\/\">Outreau : son Histoire, son Patrimoine, son actualit\u00e9 et la presse ancienne<\/a><\/li>\n\n\n\n<li>les ouvrages d&rsquo;histoire locale tels que \u00ab\u00a0Outreau, Equihen, Le Portel par l&rsquo;image\u00a0\u00bb (Jean-Marc D\u00e9tr\u00e9), \u00ab\u00a0Outreau d&rsquo;hier \u00e0 aujourd&rsquo;hui\u00a0\u00bb, etc.<\/li>\n\n\n\n<li>les bulletins de l&rsquo;Atelier de M\u00e9moire Populaire &amp; d&rsquo;Histoire Locale du centre Jacques Brel<\/li>\n\n\n\n<li>les panneaux mis dans la ville (sur mon id\u00e9e du budget participatif 2020 :D) par le service patrimoine (men\u00e9 par l&rsquo;historienne Pauline Gambart) \u00e0 partir de 2024<\/li>\n\n\n\n<li>&#8230; mais aussi des lieux plus insolites tels qu&rsquo;eBay (qui m&rsquo;a fait d\u00e9couvrir le coffret de nouvelles \u00ab\u00a0Outreau sur polar\u00a0\u00bb)<\/li>\n<\/ul>\n\n\n\n<p>Puis lorsqu&rsquo;un lieu a \u00e9t\u00e9 identifi\u00e9, en cherchant de mani\u00e8re plus pr\u00e9cise, par exemple sur : <\/p>\n\n\n\n<ul class=\"wp-block-list\">\n<li>les moteurs de recherche classique (Google, \u00e7a fonctionne bien !)<\/li>\n\n\n\n<li>les sites de g\u00e9n\u00e9alogie tels que <a href=\"https:\/\/www.geneanet.org\/\">Geneanet<\/a> ou <a href=\"http:\/\/myheritage.com\/\">MyHeritage<\/a> ;<\/li>\n\n\n\n<li>le site <a href=\"https:\/\/gallica.bnf.fr\/\">Gallica<\/a> de la BNF.<\/li>\n<\/ul>\n\n\n\n<h3 class=\"wp-block-heading\">Proposer quelques photographies d&rsquo;\u00e9poque <\/h3>\n\n\n\n<p>Il existe plusieurs fa\u00e7ons de remonter le temps sur internet : <\/p>\n\n\n\n<ul class=\"wp-block-list\">\n<li><strong>pour les sites <\/strong>(d&rsquo;associations, de mairie, etc.) : <a href=\"https:\/\/web.archive.org\/\">https:\/\/web.archive.org\/<\/a> (l&rsquo;occasion de rappeler qu&rsquo;entre 2000 et 2005, le site \u00e9tait sur <a href=\"http:\/\/perso.wanadoo.fr\/outreau\/\">http:\/\/perso.wanadoo.fr\/outreau\/<\/a> avant de migrer sur <a href=\"https:\/\/ville-outreau.fr\/\">https:\/\/ville-outreau.fr\/<\/a>)<\/li>\n\n\n\n<li><strong>pour les cartes a\u00e9riennes<\/strong> : <a href=\"https:\/\/remonterletemps.ign.fr\/\">https:\/\/remonterletemps.ign.fr\/<\/a><\/li>\n\n\n\n<li><strong>pour la prise de vue par Google Car (Google Earth) depuis le premier passage en juin 2009 <\/strong>: <a href=\"https:\/\/earth.google.com\/web\/search\/outreau\/@50.70490443,1.59367613,62.42399979a,0d,60y,295.058096h,95.91094111t,0r\/data=CiwiJgokCUtw3bHhXElAEZp4_jxPWElAGbqkgGDx__k_ITqwlY1dIfk_QgIIASIaChZ4cjNqdnNuejZNWHJfaG53WkMzZm93EAIyKQonCiUKITFpUmEtYmZXVzNRdFdJMDA4dm5GYnZueHZGQmlKS3ZveSABOgMKATBCAggASggIr9uIuAYQAQ\">Google Earth <\/a><\/li>\n\n\n\n<li><strong>pour les cartes postales anciennes<\/strong> : les sites de revente sp\u00e9cialis\u00e9s ou non&#8230;  <\/li>\n\n\n\n<li><strong>pour les photographies anciennes<\/strong> : les sites d&rsquo;histoire locale, telles que ceux de Pascal Bernard, sont des mines d&rsquo;informations pr\u00e9cieuses !<\/li>\n<\/ul>\n\n\n\n<figure class=\"wp-block-image size-large\"><img loading=\"lazy\" decoding=\"async\" width=\"1024\" height=\"505\" src=\"https:\/\/rochoy.fr\/outreau\/wp-content\/uploads\/2025\/07\/Capture-decran-2025-07-12-a-15.54.45-1024x505.png\" alt=\"\" class=\"wp-image-331\" srcset=\"https:\/\/rochoy.fr\/outreau\/wp-content\/uploads\/2025\/07\/Capture-decran-2025-07-12-a-15.54.45-1024x505.png 1024w, https:\/\/rochoy.fr\/outreau\/wp-content\/uploads\/2025\/07\/Capture-decran-2025-07-12-a-15.54.45-300x148.png 300w, https:\/\/rochoy.fr\/outreau\/wp-content\/uploads\/2025\/07\/Capture-decran-2025-07-12-a-15.54.45-768x379.png 768w, https:\/\/rochoy.fr\/outreau\/wp-content\/uploads\/2025\/07\/Capture-decran-2025-07-12-a-15.54.45-1536x758.png 1536w, https:\/\/rochoy.fr\/outreau\/wp-content\/uploads\/2025\/07\/Capture-decran-2025-07-12-a-15.54.45-2048x1010.png 2048w, https:\/\/rochoy.fr\/outreau\/wp-content\/uploads\/2025\/07\/Capture-decran-2025-07-12-a-15.54.45-1200x592.png 1200w\" sizes=\"auto, (max-width: 709px) 85vw, (max-width: 909px) 67vw, (max-width: 1362px) 62vw, 840px\" \/><figcaption class=\"wp-element-caption\">Remonter le temps sur le site IGN : exemple avec la carte Casini du XVIII\u00e8me si\u00e8cle \u00e0 gauche et une photo a\u00e9rienne de 1950-1965<\/figcaption><\/figure>\n\n\n\n<figure class=\"wp-block-image size-large\"><img loading=\"lazy\" decoding=\"async\" width=\"1024\" height=\"527\" src=\"https:\/\/rochoy.fr\/outreau\/wp-content\/uploads\/2025\/07\/Capture-decran-2025-07-12-a-15.46.13-1024x527.png\" alt=\"\" class=\"wp-image-329\" srcset=\"https:\/\/rochoy.fr\/outreau\/wp-content\/uploads\/2025\/07\/Capture-decran-2025-07-12-a-15.46.13-1024x527.png 1024w, https:\/\/rochoy.fr\/outreau\/wp-content\/uploads\/2025\/07\/Capture-decran-2025-07-12-a-15.46.13-300x154.png 300w, https:\/\/rochoy.fr\/outreau\/wp-content\/uploads\/2025\/07\/Capture-decran-2025-07-12-a-15.46.13-768x395.png 768w, https:\/\/rochoy.fr\/outreau\/wp-content\/uploads\/2025\/07\/Capture-decran-2025-07-12-a-15.46.13-1536x791.png 1536w, https:\/\/rochoy.fr\/outreau\/wp-content\/uploads\/2025\/07\/Capture-decran-2025-07-12-a-15.46.13-2048x1055.png 2048w, https:\/\/rochoy.fr\/outreau\/wp-content\/uploads\/2025\/07\/Capture-decran-2025-07-12-a-15.46.13-1200x618.png 1200w\" sizes=\"auto, (max-width: 709px) 85vw, (max-width: 909px) 67vw, (max-width: 1362px) 62vw, 840px\" \/><figcaption class=\"wp-element-caption\">Illustration sur Google Earth avec la place d&rsquo;Outreau en juin 2009 : la tour Lonqu\u00e9ty \u00e9tait envahie de verdure, et le logo sur la mairie \u00e9tait encore les armoiries.<\/figcaption><\/figure>\n\n\n\n<h3 class=\"wp-block-heading\">Commentaires&#8230;<\/h3>\n\n\n\n<p>Pour chaque page, les commentaires sont ouverts et vous \u00eates les bienvenus pour ajouter ou commenter (dans le respect des biens\u00e9ances et tout \u00e7a !)<\/p>\n","protected":false},"excerpt":{"rendered":"<p>Le travail de ce site consiste \u00e0 lister les rues, en donner des informations g\u00e9n\u00e9rales, trouver la date de d\u00e9nomination de la rue, puis classer les rues par quartiers, trier les noms par type, recenser les \u00e9l\u00e9ments notables dans ces rues, proposer quelques photos d&rsquo;\u00e9poque (avant le premier passage de Google Earth en 2009 notamment). &hellip; <a href=\"https:\/\/rochoy.fr\/outreau\/methodologie-et-sources\/\" class=\"more-link\">Continuer la lecture<span class=\"screen-reader-text\"> de &laquo;&nbsp;M\u00e9thodologie et sources&nbsp;&raquo;<\/span><\/a><\/p>\n","protected":false},"author":1,"featured_media":0,"parent":0,"menu_order":0,"comment_status":"closed","ping_status":"closed","template":"","meta":{"footnotes":""},"class_list":["post-323","page","type-page","status-publish","hentry"],"jetpack_sharing_enabled":true,"_links":{"self":[{"href":"https:\/\/rochoy.fr\/outreau\/wp-json\/wp\/v2\/pages\/323","targetHints":{"allow":["GET"]}}],"collection":[{"href":"https:\/\/rochoy.fr\/outreau\/wp-json\/wp\/v2\/pages"}],"about":[{"href":"https:\/\/rochoy.fr\/outreau\/wp-json\/wp\/v2\/types\/page"}],"author":[{"embeddable":true,"href":"https:\/\/rochoy.fr\/outreau\/wp-json\/wp\/v2\/users\/1"}],"replies":[{"embeddable":true,"href":"https:\/\/rochoy.fr\/outreau\/wp-json\/wp\/v2\/comments?post=323"}],"version-history":[{"count":8,"href":"https:\/\/rochoy.fr\/outreau\/wp-json\/wp\/v2\/pages\/323\/revisions"}],"predecessor-version":[{"id":813,"href":"https:\/\/rochoy.fr\/outreau\/wp-json\/wp\/v2\/pages\/323\/revisions\/813"}],"wp:attachment":[{"href":"https:\/\/rochoy.fr\/outreau\/wp-json\/wp\/v2\/media?parent=323"}],"curies":[{"name":"wp","href":"https:\/\/api.w.org\/{rel}","templated":true}]}}