{"id":10,"date":"2025-07-10T22:56:38","date_gmt":"2025-07-10T20:56:38","guid":{"rendered":"https:\/\/rochoy.fr\/outreau\/?page_id=10"},"modified":"2025-08-02T14:23:38","modified_gmt":"2025-08-02T12:23:38","slug":"avant-propos","status":"publish","type":"page","link":"https:\/\/rochoy.fr\/outreau\/avant-propos\/","title":{"rendered":"A propos de l&rsquo;auteur"},"content":{"rendered":"\n<p>Je m&rsquo;appelle Micha\u00ebl Rochoy, je suis n\u00e9 en 1986. J\u2019ai v\u00e9cu toute mon enfance \u00e0 la r\u00e9sidence Beethoven, \u00e0 Outreau, jusque d\u00e9but 2009. J\u2019ai fait ma scolarit\u00e9 \u00e0 l\u2019\u00e9cole maternelle du Biez (Saint-Exup\u00e9ry), l\u2019\u00e9cole \u00e9l\u00e9mentaire Jean Jaur\u00e8s, le coll\u00e8ge Albert Camus, puis le lyc\u00e9e Mariette de Boulogne-sur-Mer, avant de partir \u00e0 la facult\u00e9 de m\u00e9decine de Lille. Entre 2004 et fin 2017, j&rsquo;ai partag\u00e9 mon temps entre Lille et Outreau. <\/p>\n\n\n\n<p>En parall\u00e8le, j\u2019ai int\u00e9gr\u00e9 l\u2019\u00e9cole municipale de musique en 1992 et l\u2019harmonie en 2001, sans jamais les quitter \u2014&nbsp;y compris lors des \u00e9tudes \u00e0 Lille, puisque je pouvais \u00eatre pr\u00e9sent les vendredis soirs pour les r\u00e9p\u00e9titions ! <\/p>\n\n\n\n<p>Sit\u00f4t les \u00e9tudes finies fin 2014, je me suis install\u00e9 pour exercer la m\u00e9decine g\u00e9n\u00e9rale dans la rue Andr\u00e9 Pantigny&#8230; \u00e0 Outreau (y compris avec un poste universitaire \u00e0 Lille pendant les 3 premi\u00e8res ann\u00e9es). C\u2019est donc peu dire que je suis attach\u00e9 \u00e0 cette ville&nbsp;! <\/p>\n\n\n\n<blockquote class=\"wp-block-quote is-layout-flow wp-block-quote-is-layout-flow\">\n<p><em>\u00ab&nbsp;Les paradoxes abondaient \u00e0 Outreau, et s\u2019ils nuisaient \u00e0 son quotidien, ils lui \u00e9vitaient cependant de tomber dans l\u2019immobilisme. (&#8230;)&nbsp;On vivait bien \u00e0 Outreau, ses habitants l\u2019avaient dit et r\u00e9p\u00e9t\u00e9 tout au long de la soir\u00e9e. Leur ville, ils y \u00e9taient attach\u00e9s. Ils l\u2019aimaient, un point c\u2019est tout.&nbsp;\u00bb<\/em><br>\u2014&nbsp;Thierry Maricourt, <strong>Revenir d&rsquo;Outreau<\/strong> (Les Editions de Juillet, 2012).<\/p>\n<\/blockquote>\n\n\n\n<h3 class=\"wp-block-heading\">Int\u00e9r\u00eat sur l&rsquo;histoire locale<\/h3>\n\n\n\n<p>L&rsquo;histoire locale s&rsquo;intrique avec l&rsquo;histoire familiale : il \u00e9tait (et est) parfois question de baraquements, de kiosque dynamit\u00e9 sur le jardin public, Cit\u00e9 R\u00e9publique, de courses cyclistes, des A.P.O. o\u00f9 ont travaill\u00e9 grand-p\u00e8re et oncle, de l&rsquo;ancienne mairie, de commerces disparus&#8230; Par exemple, pour un enfant du milieu des ann\u00e9es 80, il semble \u00e9trange d&rsquo;apprendre un jour qu&rsquo;il a exist\u00e9 une vie \u00e0 Cap\u00e9cure par exemple \u2014&nbsp;et quand on repasse ensuite dans le quartier, les toitures de maison au-dessus des hangars sautent aux yeux comme une \u00e9vidence.<\/p>\n\n\n\n<p>Chaque ann\u00e9e depuis juin 2001 \u00e9galement, en d\u00e9filant avec l&rsquo;harmonie, j&rsquo;entends au 8  mai, au 22 septembre et au 11 novembre les discours des diff\u00e9rents maires (Jean-Marie Fran\u00e7ois, Th\u00e9r\u00e8se Guilbert, S\u00e9bastien Chochois) sur la destruction quasi totale de la ville lors de la Seconde Guerre mondiale, la reconstruction impuls\u00e9e par Raymond Splingard&#8230; <\/p>\n\n\n\n<p>Je trouvais dommage qu&rsquo;on ne puisse pas se promener dans Outreau et comprendre l&rsquo;histoire de la ville &#8211; trop souvent r\u00e9sum\u00e9e \u00e0 l&rsquo;affaire judiciaire qui a d\u00e9fray\u00e9 les chroniques de 2001 \u00e0 2005. <br>En 2020, j&rsquo;ai donc propos\u00e9 pour le budget participatif la cr\u00e9ation d&rsquo;un parcours historique. Mon id\u00e9e initiale \u00e9tait de r\u00e9unir des historiens locaux d\u2019Outreau &#8211; notamment l&rsquo;Atelier de M\u00e9moire Populaire &#8211; pour cr\u00e9er plusieurs parcours \u00e9voquant diff\u00e9rentes \u00e9poques (bribes d\u2019histoire antique et m\u00e9di\u00e9vale, \u00e9poque napol\u00e9onienne, Belle \u00c9poque, et surtout le XX\u00e8me si\u00e8cle \u00e0 Outreau reconstruit apr\u00e8s-guerre avec les baraquements, les cin\u00e9mas, les commerces, etc.)<\/p>\n\n\n\n<p>Dans l&rsquo;attente, j&rsquo;ai commenc\u00e9 \u00e0 am\u00e9liorer la pr\u00e9sence d&rsquo;Outreau sur Wikipedia (la page <a href=\"https:\/\/fr.wikipedia.org\/wiki\/Outreau\">Outreau<\/a> d&rsquo;abord, puis en cr\u00e9ant les pages de personnalit\u00e9s locales : <a href=\"https:\/\/fr.wikipedia.org\/wiki\/Antonin_Clerc\">Antonin Clerc<\/a>, <a href=\"https:\/\/fr.wikipedia.org\/wiki\/Hippolyte_Adam\">Hippolyte Adam<\/a>). En f\u00e9vrier 2021, le projet de parcours historique a \u00e9t\u00e9 retenu parmi les 5 laur\u00e9ats 2020 ; il s&rsquo;agissait plut\u00f4t de cr\u00e9er un parcours limit\u00e9 au centre de la ville, avec d&rsquo;\u00e9ventuelles extensions ult\u00e9rieures. Le projet est rest\u00e9 en pause ; j&rsquo;ai propos\u00e9 de le reprendre en main en mars 2022, et au fil des mois, j&rsquo;ai \u00e9crit (lentement) quelques fiches, en essayant de documenter de fa\u00e7on aussi pr\u00e9cise que possible, en partant de z\u00e9ro. Deux ans plus tard, une dizaine de \u00ab\u00a0panneaux\u00a0\u00bb \u00e9taient enfin pr\u00eats, mais n&rsquo;ont pas eu le temps d&rsquo;\u00eatre soumis \u00e0 la mairie, puisque le travail avait \u00e9t\u00e9 fait en parall\u00e8le d\u00e9but 2024 par le service Archives nouvellement cr\u00e9\u00e9, \u00e0 l\u2019occasion des 80 ans de la Lib\u00e9ration d\u2019Outreau.<\/p>\n\n\n\n<p>J\u2019avais accumul\u00e9 quelques recherches, dans les ouvrages d&rsquo;histoire locale, sur Gallica, Geneanet, contact\u00e9 M. Pascal Bernard (auteur de sites remarquables sur la ville !), M. Joseph Bourgain (descendant du dernier propri\u00e9taire du ch\u00e2teau Lonqu\u00e9ty)\u2026 et tout \u00e7a m\u2019a donn\u00e9 envie de d\u00e9velopper plus en avant le projet. L\u2019id\u00e9e de poursuivre un parcours historique, plus large et plus d\u00e9taill\u00e9 continuait de germer, par quartier\u2026 voire par rue&nbsp;?<\/p>\n\n\n\n<p>En 2024, j\u2019ai d\u00e9couvert par hasard (et une certaine synchronicit\u00e9) le livre \u00ab\u00a0<strong><em>Au fil des rues, les voies publiques de Boulogne-sur-mer<\/em><\/strong>\u00a0\u00bb de Daniel Tintillier, illustr\u00e9 par Cyril, \u00e9dit\u00e9 par l\u2019association \u00ab\u00a0M\u00e9moire Boulonnaise\u00a0\u00bb&#8230; Cela m&rsquo;a donc incit\u00e9 \u00e0 proposer un projet similaire pour Outreau, sous forme de livre ou de site web. <\/p>\n\n\n\n<p>A l&rsquo;heure de la r\u00e9daction, il y a 225 odonymes r\u00e9pertori\u00e9s (boulevards, rues, r\u00e9sidences, all\u00e9es, squares, impasses, places&#8230;) \u00e0 Outreau. Bonne lecture, et bonne promenade dans la ville !<\/p>\n","protected":false},"excerpt":{"rendered":"<p>Je m&rsquo;appelle Micha\u00ebl Rochoy, je suis n\u00e9 en 1986. J\u2019ai v\u00e9cu toute mon enfance \u00e0 la r\u00e9sidence Beethoven, \u00e0 Outreau, jusque d\u00e9but 2009. J\u2019ai fait ma scolarit\u00e9 \u00e0 l\u2019\u00e9cole maternelle du Biez (Saint-Exup\u00e9ry), l\u2019\u00e9cole \u00e9l\u00e9mentaire Jean Jaur\u00e8s, le coll\u00e8ge Albert Camus, puis le lyc\u00e9e Mariette de Boulogne-sur-Mer, avant de partir \u00e0 la facult\u00e9 de m\u00e9decine &hellip; <a href=\"https:\/\/rochoy.fr\/outreau\/avant-propos\/\" class=\"more-link\">Continuer la lecture<span class=\"screen-reader-text\"> de &laquo;&nbsp;A propos de l&rsquo;auteur&nbsp;&raquo;<\/span><\/a><\/p>\n","protected":false},"author":1,"featured_media":0,"parent":0,"menu_order":0,"comment_status":"closed","ping_status":"closed","template":"","meta":{"footnotes":""},"class_list":["post-10","page","type-page","status-publish","hentry"],"jetpack_sharing_enabled":true,"_links":{"self":[{"href":"https:\/\/rochoy.fr\/outreau\/wp-json\/wp\/v2\/pages\/10","targetHints":{"allow":["GET"]}}],"collection":[{"href":"https:\/\/rochoy.fr\/outreau\/wp-json\/wp\/v2\/pages"}],"about":[{"href":"https:\/\/rochoy.fr\/outreau\/wp-json\/wp\/v2\/types\/page"}],"author":[{"embeddable":true,"href":"https:\/\/rochoy.fr\/outreau\/wp-json\/wp\/v2\/users\/1"}],"replies":[{"embeddable":true,"href":"https:\/\/rochoy.fr\/outreau\/wp-json\/wp\/v2\/comments?post=10"}],"version-history":[{"count":14,"href":"https:\/\/rochoy.fr\/outreau\/wp-json\/wp\/v2\/pages\/10\/revisions"}],"predecessor-version":[{"id":671,"href":"https:\/\/rochoy.fr\/outreau\/wp-json\/wp\/v2\/pages\/10\/revisions\/671"}],"wp:attachment":[{"href":"https:\/\/rochoy.fr\/outreau\/wp-json\/wp\/v2\/media?parent=10"}],"curies":[{"name":"wp","href":"https:\/\/api.w.org\/{rel}","templated":true}]}}