{"id":11,"date":"2020-03-15T14:04:27","date_gmt":"2020-03-15T13:04:27","guid":{"rendered":"http:\/\/rochoy.fr\/michael\/?page_id=11"},"modified":"2020-08-08T18:08:14","modified_gmt":"2020-08-08T16:08:14","slug":"contact","status":"publish","type":"page","link":"https:\/\/rochoy.fr\/michael\/contact\/","title":{"rendered":"Mentions l\u00e9gales"},"content":{"rendered":"\n<p><strong>Site web personnel \u00e9dit\u00e9 par : <\/strong>Docteur Micha\u00ebl Rochoy, 20 rue Andr\u00e9 Pantigny, 62230 Outreau, t\u00e9l : 09.81.75.51.27.<\/p>\n\n\n\n<p>Propuls\u00e9 par WordPress, h\u00e9berg\u00e9 chez OVH (financement personnel). Le site ne b\u00e9n\u00e9ficie d\u2019aucun financement ext\u00e9rieur.<\/p>\n\n\n\n<p>Les images utilis\u00e9es sont libres de droit, sauf mention contraire. <\/p>\n\n\n\n<p>Les propos tenus par l&rsquo;auteur n&rsquo;engagent que lui. Si certains propos vous interpellent, n&rsquo;h\u00e9sitez pas \u00e0 m&rsquo;en informer par mail \u00e0 michael.rochoy [at] gmail.com<\/p>\n","protected":false},"excerpt":{"rendered":"<p>Site web personnel \u00e9dit\u00e9 par : Docteur Micha\u00ebl Rochoy, 20 rue Andr\u00e9 Pantigny, 62230 Outreau, t\u00e9l : 09.81.75.51.27. Propuls\u00e9 par WordPress, h\u00e9berg\u00e9 chez OVH (financement personnel). Le site ne b\u00e9n\u00e9ficie d\u2019aucun financement ext\u00e9rieur. Les images utilis\u00e9es sont libres de droit, sauf mention contraire. Les propos tenus par l&rsquo;auteur n&rsquo;engagent que lui. Si certains propos vous &hellip; <a href=\"https:\/\/rochoy.fr\/michael\/contact\/\" class=\"more-link\">Continuer la lecture<span class=\"screen-reader-text\"> de &laquo;&nbsp;Mentions l\u00e9gales&nbsp;&raquo;<\/span><\/a><\/p>\n","protected":false},"author":1,"featured_media":0,"parent":0,"menu_order":0,"comment_status":"closed","ping_status":"closed","template":"","meta":{"footnotes":""},"class_list":["post-11","page","type-page","status-publish","hentry"],"jetpack_sharing_enabled":true,"_links":{"self":[{"href":"https:\/\/rochoy.fr\/michael\/wp-json\/wp\/v2\/pages\/11","targetHints":{"allow":["GET"]}}],"collection":[{"href":"https:\/\/rochoy.fr\/michael\/wp-json\/wp\/v2\/pages"}],"about":[{"href":"https:\/\/rochoy.fr\/michael\/wp-json\/wp\/v2\/types\/page"}],"author":[{"embeddable":true,"href":"https:\/\/rochoy.fr\/michael\/wp-json\/wp\/v2\/users\/1"}],"replies":[{"embeddable":true,"href":"https:\/\/rochoy.fr\/michael\/wp-json\/wp\/v2\/comments?post=11"}],"version-history":[{"count":5,"href":"https:\/\/rochoy.fr\/michael\/wp-json\/wp\/v2\/pages\/11\/revisions"}],"predecessor-version":[{"id":304,"href":"https:\/\/rochoy.fr\/michael\/wp-json\/wp\/v2\/pages\/11\/revisions\/304"}],"wp:attachment":[{"href":"https:\/\/rochoy.fr\/michael\/wp-json\/wp\/v2\/media?parent=11"}],"curies":[{"name":"wp","href":"https:\/\/api.w.org\/{rel}","templated":true}]}}