{"id":10,"date":"2020-03-15T14:04:27","date_gmt":"2020-03-15T13:04:27","guid":{"rendered":"http:\/\/rochoy.fr\/michael\/?page_id=10"},"modified":"2022-01-01T16:20:12","modified_gmt":"2022-01-01T15:20:12","slug":"a-propos","status":"publish","type":"page","link":"https:\/\/rochoy.fr\/michael\/a-propos\/","title":{"rendered":"CV (2021)"},"content":{"rendered":"<h1><strong>Activit\u00e9s principales<\/strong><\/h1>\n<ul>\n<li>M\u00e9decin g\u00e9n\u00e9raliste, install\u00e9 \u00e0 Outreau depuis mars 2015<\/li>\n<li>Charg\u00e9 d&rsquo;enseignement \u00e0 la facult\u00e9 de m\u00e9decine de Lille<\/li>\n<li>Praticien agr\u00e9\u00e9 &#8211; ma\u00eetre de stage des universit\u00e9s (depuis novembre 2019)<\/li>\n<\/ul>\n<h1><strong>Titres\u00a0<\/strong><\/h1>\n<ul>\n<li>Ancien chef de clinique des universit\u00e9s de Lille (novembre 2014 &#8211; novembre 2017)<\/li>\n<li>Laur\u00e9at de la facult\u00e9 de m\u00e9decine de Lille (2014)<\/li>\n<\/ul>\n<h1>Dipl\u00f4mes notables<\/h1>\n<ul>\n<li>Doctorat en Sciences de la vie et de la sant\u00e9, sp\u00e9cialit\u00e9 biostatistiques, informatique m\u00e9dicale et technologies de communication (9 janvier 2019)<\/li>\n<li>Master 2 Biologie-Sant\u00e9 \u00ab\u00a0\u00e9pid\u00e9miologie\u00a0\u00bb (2015)<\/li>\n<li>Master 1 Biologie-Sant\u00e9 \u00ab\u00a0biostatistiques\u00a0\u00bb (2009)<\/li>\n<li>DESC en pharmacologie clinique et \u00e9valuation des th\u00e9rapeutiques (2015)<\/li>\n<li>DES en m\u00e9decine g\u00e9n\u00e9rale (2014)<\/li>\n<li>Doctorat de m\u00e9decine (14 mai 2014)<\/li>\n<\/ul>\n<h2>Autres formations universitaires<\/h2>\n<ul>\n<li>DIU Biologie de l&rsquo;Evolution et m\u00e9decine (juin 2021, Lyon)<\/li>\n<li>DIU Dermatologie p\u00e9diatrique (juin 2013, Montpellier)<\/li>\n<li>DIU Maladies inflammatoires chroniques intestinales (juin 2012, Lille)<\/li>\n<li>Attestation de formation aux premiers secours &#8211; Niveau 1 (2006) et niveau 2 (2011)<\/li>\n<\/ul>\n<h1>Autres fonctions<\/h1>\n<h2>Clinique<\/h2>\n<ul>\n<li>Ancien m\u00e9decin agr\u00e9\u00e9 pour l&rsquo;admission aux emplois publics et au r\u00e9gime des cong\u00e9s des fonctionnaires (d\u00e9cembre 2015 &#8211; d\u00e9cembre 2021)<\/li>\n<\/ul>\n<h2>P\u00e9dagogique<\/h2>\n<ul>\n<li>Membre du bureau du Club M\u00e9dical du Grand Boulonnais (FMC) depuis f\u00e9vrier 2019<\/li>\n<li>Animation semestrielle des groupes d\u2019\u00e9changes de pratiques des internes de la C\u00f4te d\u2019Opale depuis novembre 2014 (maison m\u00e9dicale du Mont-Soleil, 62 \u2013 Outreau)<\/li>\n<li>Ancien responsable de la conf\u00e9rence Hippofac MED-6 (2015-2017)<\/li>\n<li>Ancien conf\u00e9rencier de m\u00e9decine g\u00e9n\u00e9rale et polyth\u00e9matique Hippofac MED-6 (2012-2017)<\/li>\n<\/ul>\n<h2>Recherche \/ institutionnelle<\/h2>\n<ul>\n<li>B\u00eata-testeur M\u00e9diStory 4 en 2019 (Prokov Editions)<\/li>\n<li>Membre du r\u00e9seau de recherche Sentinelles (depuis novembre 2015)<\/li>\n<\/ul>\n<h1>D\u00e9veloppement professionnel continu<\/h1>\n<h2>Formations d\u00e9di\u00e9es aux soins<\/h2>\n<ul>\n<li>Prise en charge d\u2019une plaie chronique (d\u00e9cembre 2014, CHEM)\u00a0;<\/li>\n<li>Troubles psycho-comportementaux d\u2019origine m\u00e9dicamenteuse chez le sujet \u00e2g\u00e9 (avril 2015, Caen)\u00a0;<\/li>\n<li>Gestes techniques en rhumatologie (f\u00e9vrier 2016, Le Touquet),<\/li>\n<li>\u00c9viter les hospitalisations en urgence chez les personnes \u00e2g\u00e9es fragiles, FOPAS (d\u00e9cembre 2016, en ligne)<\/li>\n<li>Dermoscopie (juin 2017, Paris),<\/li>\n<li>Perfectionnement en polygraphie respiratoire nocturne (mars 2019, Lille)<\/li>\n<li>Conduite \u00e0 tenir devant un genou douloureux (octobre 2020, ICA-Concept)<\/li>\n<li>PEACE &amp; LOVE\u00a0: prise en charge des blessures aigu\u00ebs (mars 2021, La clinique du coureur 1.10, e-learning)<\/li>\n<li>D\u00e9marches s\u00e9miologiques en pneumologie (avril 2021, Sant\u00e9FormaPro)<\/li>\n<li>Ost\u00e9oporose post-m\u00e9nopausique (avril 2021, Sant\u00e9FormaPro)<\/li>\n<li>Gestes pratiques en dermatologie (octobre 2021, CHEM<em>)<\/em><\/li>\n<li>Dermoscopie\u00a0: am\u00e9lioration de la prise en charge des l\u00e9sions cutan\u00e9es pigmentaires par le m\u00e9decin g\u00e9n\u00e9raliste (d\u00e9cembre 2021, ICA Concept)<\/li>\n<\/ul>\n<h2>Formations d\u00e9di\u00e9es \u00e0 la ma\u00eetrise de stage<\/h2>\n<ul>\n<li>DPC S1 : initiation \u00e0 la ma\u00eetrise de stage de 3\u00e8me cycle de MG (janvier 2019, Versailles)<\/li>\n<li>DPC S3 : La supervision directe en ma\u00eetrise de stage de 3\u00e8me cycle (mars 2020, Paris 7)<\/li>\n<li>DPC S4-S5-S6 : SASPAS et stage niveau 1 : la phase de supervision indirecte et les r\u00e9troactions (septembre 2020, Lyon)<\/li>\n<\/ul>\n<h2>Formations d\u00e9di\u00e9es \u00e0 la p\u00e9dagogie<\/h2>\n<ul>\n<li>DPC R\u00e9diger pour publier (avril 2013, Lille)\u00a0<\/li>\n<li>Certification SIDES (2014)<\/li>\n<li>CIDMEF niveau 1 (octobre 2014, Lille)<\/li>\n<li>AUEC ma\u00eetrise de stage universitaire du 2\u00e8me cycle (avril 2015, Lille)<\/li>\n<li>DIU de p\u00e9dagogie m\u00e9dicale\u00a0: CIDMEF niveau 2 (juin 2016, Poitiers-Tours-Limoges)<\/li>\n<li>DPC Animation niveau 1 (mars 2015, Paris)<\/li>\n<li>DPC Animation niveau 2 (mars 2016, Paris)<\/li>\n<li>DPC Certifier la comp\u00e9tence en \u00e9quipe de DMG (septembre 2017, Lille)<\/li>\n<li>DPC Am\u00e9liorer la r\u00e9flexibilit\u00e9 des internes gr\u00e2ce aux groupes d\u2019\u00e9changes de pratiques (mars 2018, Lille)<\/li>\n<\/ul>\n<h1>R\u00e9daction d&rsquo;ouvrages p\u00e9dagogiques<\/h1>\n<p><u>Micha\u00ebl Rochoy<\/u>, Capucine Pr\u00e9vots (illustration). <strong>M\u00e9dicaments iECNi : 7<sup>\u00e8me<\/sup> \u00e9dition. S-Editions.<\/strong> 2018 Oct. ISBN\u00a0: 978-2-35640-187-8.<\/p>\n<p><u>Micha\u00ebl Rochoy<\/u>, Eleni-Roxani Papadopoulou, Samy Mzari, Capucine Pr\u00e9vots (illustration). <strong>120 Questions isol\u00e9es &#8211; Pharmacologie. S-Editions<\/strong>. 2018 Mar. ISBN\u00a0: 9782356401847.<\/p>\n<p><u>Micha\u00ebl Rochoy<\/u>, Thibaut Jacques (coordination). <strong>Les dossiers de l\u2019iECN \u2013 Dossiers des conf\u00e9renciers. Editions Ellipses. <\/strong>2017 Oct. ISBN\u00a0: 9782340018976.<\/p>\n<p><u>Micha\u00ebl Rochoy<\/u>. <strong>Les dossiers de l\u2019iECN &#8211; Dossiers transversaux. <\/strong><strong>Editions Ellipses<\/strong>. 2016 Jun. ISBN\u00a0: 9782340011076<\/p>\n<p>Collectif (<u>auteur de 2 cas<\/u>). <strong>Les dossiers de l\u2019iECN \u2013 UE10 \u2013 Pharmacologie, bon usage du m\u00e9dicament. Editions Ellipses.<\/strong> 2016 Jan. ISBN\u00a0: 9782340009271<\/p>\n<h1>Recherche<\/h1>\n<h2>Articles publi\u00e9s<\/h2>\n\n\n<script src=\"https:\/\/bibbase.org\/show?bib=https%3A%2F%2Fapi.zotero.org%2Fusers%2F1155389%2Fcollections%2FT8ZBTF27%2Fitems%3Fkey%3DQOVYkjFLK3kYEV0Y6CDpLFrR%26format%3Dbibtex%26limit%3D100&amp;jsonp=1\"><\/script>\n\n\n\n<h2 class=\"wp-block-heading\">Direction de travaux scientifiques&nbsp;: th\u00e8ses de m\u00e9decine g\u00e9n\u00e9rale<\/h2>\n\n\n\n<p><em>Les th\u00e8ses avec * ont obtenu la mention tr\u00e8s honorable&nbsp;; les th\u00e8ses avec <\/em><em>\u2021<\/em><em> ont \u00e9t\u00e9 soumises au prix de th\u00e8se de la facult\u00e9.<\/em><\/p>\n\n\n\n<ol class=\"wp-block-list\"><li><em>Le rebond d\u2019acidit\u00e9 gastrique apr\u00e8s arr\u00eat d\u2019un traitement par inhibiteur de la pompe \u00e0 protons&nbsp;: revue de litt\u00e9rature (S\u00e9bastien Dubois, 23\/06\/2015)*<\/em><\/li><li><em>Pr\u00e9f\u00e9rences des m\u00e9decins g\u00e9n\u00e9ralistes lib\u00e9raux en France m\u00e9tropolitaine quant \u00e0 la d\u00e9l\u00e9gation des t\u00e2ches m\u00e9dico-administratives aux assistant(e)s m\u00e9dico-social(e)s&nbsp;: \u00e9tude en analyse conjointe (Adrien Chanu, 01\/07\/2015)*<\/em>\u2021<\/li><li><em>Hyponatr\u00e9mie et antid\u00e9presseurs&nbsp;: analyse de disproportionnalit\u00e9 dans la base nationale de pharmacovigilance (Christina Zakhem-Stachera, 06\/07\/2015)*<\/em>\u2021<\/li><li><em>Evaluations du s\u00e9minaire obligatoire de m\u00e9decine g\u00e9n\u00e9rale par les \u00e9tudiants en MED-4 de la facult\u00e9 de m\u00e9decine de Lille sur 4 ans (2012 \u00e0 2015) (Sandrine Mbieleu Tchokont\u00e9-Djiako, 12\/05\/2016)*<\/em>\u2021<\/li><li><em>Les recommandations de d\u00e9pistage de l&rsquo;an\u00e9vrysme de l&rsquo;aorte abdominale sont-elles respect\u00e9es&nbsp;? \u00c9tude prospective aux urgences de Dunkerque (Chlo\u00e9 Bearez, 18\/05\/2016)*<\/em><\/li><li><em>Caract\u00e9ristiques et repr\u00e9sentations des patients consommateurs d&rsquo;hypnotiques au long cours dans la maison de sant\u00e9 de Bl\u00e9riot Sangatte en 2016 (Valentin P\u00e9rard, 31\/05\/2016)*<\/em><\/li><li><em>Pratique du frottis de d\u00e9pistage du cancer du col de l\u2019ut\u00e9rus par les m\u00e9decins g\u00e9n\u00e9ralistes de la Caisse Primaire d\u2019Assurance Maladie des Flandres&nbsp;: taux de r\u00e9alisation, cotation, caract\u00e9ristiques (Estelle Sou\u00e8res, 07\/10\/2016)*<\/em>\u2021<\/li><li><em>Cr\u00e9ation d\u2019une fiche d\u2019informations destin\u00e9e aux m\u00e9decins g\u00e9n\u00e9ralistes sur l\u2019ost\u00e9opathie chez l\u2019adulte en France (Joachim Casiez, 27\/10\/2016)*<\/em><\/li><li><em>Androg\u00e8nes et risque cardio-vasculaire&nbsp;: s\u00e9rie de cas dans les bases de pharmacovigilance fran\u00e7aise et canadienne (R\u00e9my Thomas, 16\/02\/2017)*<\/em><\/li><li><em>Description d\u2019un \u00e9chantillon de 212 participants \u00e0 l\u2019\u00e9dition 2016 du trail de la Plagne&nbsp;: la 6000D (C\u00e9dric Andr\u00e9, 20\/03\/2017)*<\/em><\/li><li><em>Utilisation de l\u2019index de pression systolique dans le d\u00e9pistage de l\u2019art\u00e9riopathie du membre inf\u00e9rieur en m\u00e9decine g\u00e9n\u00e9rale dans la m\u00e9tropole europ\u00e9enne de Lille (Abdelkrim Doublali, 19\/04\/2017)*<\/em><\/li><li><em>Diversification alimentaire chez les enfants de 6 \u00e0 12 mois en PMI Wattrelos-Leers&nbsp;: enqu\u00eate aupr\u00e8s d\u2019un \u00e9chantillon de parents concernant leurs connaissances et les facteurs influen\u00e7ant leurs pratiques (Amel Mam\u00e8che-Yazit, 15\/05\/2017)*<\/em><\/li><li><em>La m\u00e9decine g\u00e9n\u00e9rale et l\u2019organisation des soins dans le Boulonnais au cours de la seconde Guerre Mondiale (Geoffroy Leleu, 18\/05\/2017)*<\/em><\/li><li><em>Evaluation de la s\u00e9ance d\u2019iconographie aux \u00e9tudiants d\u2019Hippofac MED-6 (14 juin 2016) (Ayoub Ouahni, 01\/06\/2017)*<\/em><\/li><li><em>Pr\u00e9paration et \u00e9valuation d\u2019une conf\u00e9rence de pharmacologie dans le cadre de la pr\u00e9paration aux Epreuves Classantes Nationales informatis\u00e9es (Eleni-Roxani Papadopoulou, 07\/06\/2017)*<\/em><\/li><li><em>Connaissances pr\u00e9alables et impact d\u2019une conf\u00e9rence de pharmacologie chez les \u00e9tudiants en MED-6 dans le cadre de la pr\u00e9paration aux Epreuves Classantes Nationales informatis\u00e9es (Samy Mzari, 07\/06\/2017)*<\/em><\/li><li><em>Etat des lieux de la vaccination anti-m\u00e9ningite C depuis son introduction en Europe (Fran\u00e7ois Peresson, 13\/09\/2017)*<\/em><\/li><li><em>Evolution de la pression art\u00e9rielle apr\u00e8s introduction d\u2019un antid\u00e9presseur en \u00e9tablissement public de sant\u00e9 mentale (William Hildebrandt, 13\/09\/2017)*<\/em><\/li><li><em>Consommation des anti-inflammatoires non st\u00e9ro\u00efdiens par les coureurs amateurs du Nord et du Pas-de-Calais (Laure Bergouignan, 19\/09\/2017)*<\/em><\/li><li><em>Facteurs influen\u00e7ant le classement aux Epreuves Classantes Nationales informatis\u00e9es dans une conf\u00e9rence de pr\u00e9paration en MED-6 (Emilie Dumoulin, 20\/09\/2017)*<\/em>\u2021<\/li><li><em>Le taux de d\u00e9pistage de l\u2019an\u00e9vrysme de l\u2019aorte abdominale&nbsp;: \u00e9tude r\u00e9trospective dans une population de patients de 50 \u00e0 75 ans consultant leur m\u00e9decin traitant en France (Tarik Adnane, 20\/09\/2017)*<\/em><\/li><li><em>Evaluation th\u00e9orique et pratique de la connaissance d\u2019utilisation des dispositifs inhal\u00e9s dans l\u2019asthme chez les internes en m\u00e9decine g\u00e9n\u00e9rale et les \u00e9tudiants en pharmacie de Lille (Pauline Veylon, 27\/09\/2017)*<\/em><\/li><li><em>Evaluation du d\u00e9lai d\u2019obtention d\u2019un premier rendez-vous pour une interruption volontaire de grossesse dans les Hauts-de-France (Charlotte Quandalle, 27\/09\/2017)*<\/em><\/li><li><em>Evolution du codage CIM10 des sous-types de d\u00e9mences dans le Programme de M\u00e9dicalisation des Syst\u00e8mes d\u2019Information entre 2008 et 2014 en France (Olivia Vergely, 4\/10\/2017)*<\/em><\/li><li><em>Connaissances pr\u00e9alables et impact d\u2019une conf\u00e9rence de s\u00e9miologie chez les \u00e9tudiants en MED-6 dans le cadre de la pr\u00e9paration aux Epreuves Classantes Nationales (Tony Ponamal\u00e9, 11\/10\/2017)*<\/em><\/li><li><em>Pr\u00e9paration et \u00e9valuation d\u2019une conf\u00e9rence de s\u00e9miologie chez les \u00e9tudiants en MED-6 dans le cadre de la pr\u00e9paration aux ECN informatis\u00e9es (Damien Thirion, 11\/10\/2017)*<\/em><\/li><li><em>Revue syst\u00e9matique de l\u2019impact du chlord\u00e9cone sur la sant\u00e9 humaine aux Antilles fran\u00e7aises (Margaux Maudouit, 7\/02\/2018)*<\/em><\/li><li><em>#Doctoctoc \/ #Docstoctoc : Twitter comme outil d\u2019entraide entre m\u00e9decins (Jihann Bouarfa, 28\/03\/2018)*<\/em><\/li><li><em>La r\u00e9alisation du d\u00e9pistage du cancer du col de l\u2019ut\u00e9rus par frottis cervico-ut\u00e9rin est-elle associ\u00e9e \u00e0 la r\u00e9alisation du d\u00e9pistage du cancer du sein et colorectal chez les femmes de 50 \u00e0 65 ans ? (Maxime Lamirand, 16\/05\/2018)*<\/em>\u2021<\/li><li><em>Pratique de l\u2019ultra-trail apr\u00e8s un remplacement articulaire de hanche et\/ou de genou : \u00e9tude chez des participants \u00e0 l\u2019Ultra-Trail du Mont Blanc\u00ae de 2015 \u00e0 2017 (Julien Six, 16\/05\/2018)*<\/em><\/li><li><em>Sant\u00e9 pr\u00e9-conceptionnelle : enqu\u00eate aupr\u00e8s des femmes dans la r\u00e9gion Audomaroise (H\u00e9l\u00e8ne Henry, 23\/05\/2018)*<\/em><\/li><li><em>Synth\u00e8se des revues de litt\u00e9rature sur les facteurs associ\u00e9s \u00e0 la maladie d\u2019Alzheimer (Vincent Rivas, 06\/06\/2018)*<\/em><\/li><li><em>Raisons m\u00e9dicales \u00e0 la non-r\u00e9alisation du d\u00e9pistage du cancer du col de l\u2019ut\u00e9rus pendant 6 ans (Margot Badelon, 17\/10\/2018)*<\/em><\/li><li><em>Association entre infection \u00e0 Helicobacter pylori et la maladie d\u2019Alzheimer : revue de litt\u00e9rature et m\u00e9ta-analyse (Mehdi Saheb, 16\/01\/2019)*<\/em>\u2021<\/li><li><em>Asthme et plong\u00e9e sous-marine : cr\u00e9ation et \u00e9valuation d\u2019un site internet destin\u00e9 aux m\u00e9decins, aux asthmatiques et aux moniteurs de plong\u00e9e (Alexandre Muller, 02\/04\/2019)*<\/em>\u2021<\/li><li><em>Th\u00e9rapeutiques m\u00e9dicamenteuses et non m\u00e9dicamenteuses de la maladie d\u2019Alzheimer : une \u00ab umbrella review \u00bb (Magalie Vasseur, 19\/06\/2019)*\u2021<\/em><\/li><li><em>Recours \u00e0 l\u2019\u00c9quipe Sp\u00e9cialis\u00e9e Alzheimer \u00e0 Domicile dans le Boulonnais entre 2015 et 2019 chez des patients atteints de maladie d\u2019Alzheimer ou maladie apparent\u00e9e de stade l\u00e9ger \u00e0 mod\u00e9r\u00e9 (Olivia Delvincourt, 17\/06\/2020) *\u2021<\/em><\/li><li><em>Dopage par inhibiteurs de l\u2019aromatase et modulateurs des r\u00e9cepteurs des \u0153strog\u00e8nes chez les consommateurs de st\u00e9ro\u00efdes : analyse d\u2019un forum pour identifier les posologies, dur\u00e9es et effets ind\u00e9sirables (Antoine Danel, 08\/07\/2020) *\u2021 <\/em><\/li><li><em>Evolution des d\u00e9livrances des substituts nicotiniques de 2014 \u00e0 2019, \u00e0 partir des donn\u00e9es OpenMedic (Aur\u00e9lie Babol, 1\/10\/2020)* <\/em><\/li><li><em>Existe-t-il un sur-risque de consultation aux urgences pour geste suicidaire lors des f\u00eates en France ? Analyse de la base OSCOUR\u00ae de 2010 \u00e0 2019 (Luce Gainet, 21\/10\/2020)*<\/em><\/li><li><em>\u00c9volution des gestes suicidaires dans les services d\u2019accueil d\u2019urgences en France entre 2010 et 2019 (Yann Gobert, 21\/10\/2020)*<\/em><\/li><li><em>D\u00e9lai de mortalit\u00e9 par COVID-19 en Europe&nbsp;: \u00e9volution entre mars 2020 et mars 2021 (C\u00e9cile Fauvile, 23\/06\/2021)*<\/em><\/li><li><em>Statut vaccinal antigrippal et anti-COVID-19 des internes de m\u00e9decine g\u00e9n\u00e9rale de Lille en avril 2021 (Maxime Lestavel, 06\/10\/2021)*<\/em><\/li><li><em>\u00c9pid\u00e9mies de transmission respiratoire dans la fiction litt\u00e9raire : place du m\u00e9decin g\u00e9n\u00e9raliste et diff\u00e9rences avec la r\u00e9alit\u00e9 (Marine Gilles, 15\/12\/2021)*\u2021<\/em><\/li><li><em>Effet d\u2019annonces m\u00e9diatiques sur les prescriptions de m\u00e9decins g\u00e9n\u00e9ralistes : analyse dans la base OpenMedic de l\u2019hydroxychloroquine, la chloroquine, l\u2019azithromycine et l\u2019ivermectine pendant la pand\u00e9mie \u00e0 COVID-19 (Alice Vandromme, 15\/12\/2021)* \u2021<\/em><\/li><\/ol>\n\n\n\n<h3 class=\"wp-block-heading\">Participations aux congr\u00e8s &#8211; liste via <a href=\"https:\/\/www.researchgate.net\/profile\/Michael-Rochoy\">ResearchGate<\/a><\/h3>\n\n\n\n<h3 class=\"wp-block-heading\">Membre de comit\u00e9s, coll\u00e8ges et soci\u00e9t\u00e9s savantes<\/h3>\n\n\n\n<ul class=\"wp-block-list\"><li>Comit\u00e9 de r\u00e9daction de <strong>Correspondances en M\u00e9decine Cognition &amp; Vieillissement <\/strong>(depuis octobre 2021)<\/li><li>Comit\u00e9 scientifique du Congr\u00e8s de M\u00e9decine G\u00e9n\u00e9rale de France (depuis septembre 2020)<\/li><li>Comit\u00e9 scientifique de DPC-FMC de Lille (depuis mars 2017)<\/li><li>Comit\u00e9 d\u2019organisation des Journ\u00e9es r\u00e9gionales de m\u00e9decine de Lille (depuis novembre 2015)<\/li><li>Membre de la Soci\u00e9t\u00e9 Fran\u00e7aise de Pharmacologie et Th\u00e9rapeutique depuis avril 2015<\/li><li>Membre du Coll\u00e8ge National des G\u00e9n\u00e9ralistes Enseignants de novembre 2014 \u00e0 novembre 2017<\/li><\/ul>\n\n\n\n<h3 class=\"wp-block-heading\">Autres activit\u00e9s d&rsquo;expertise<\/h3>\n\n\n\n<ul class=\"wp-block-list\"><li>Relectures (reviewing) pour diverses revues nationales (<em>Exercer, Prescrire, Revue d&rsquo;\u00e9pid\u00e9miologie et sant\u00e9 publique, Sant\u00e9 publique, etc.<\/em>) et internationales (<em>PLoS ONe, Drugs &amp; Aging, British Journal of Clinical Pharmacology, PeerJ, BMC Family Practice, Health &amp; Social Care in the Community, etc.<\/em>)<\/li><li>Participation \u00e0 des comit\u00e9s de lecture pour l&rsquo;Institut National du Cancer (2015 &#8211; 2017)<\/li><li>Participation \u00e0 la Cellule d\u2019\u00c9valuation des Technologies pour la Sant\u00e9 (CETS) de Lille depuis septembre 2020&nbsp;<\/li><li>Ancien r\u00e9dacteur au sein de la revue Prescrire (d\u00e9cembre 2014 &#8211; d\u00e9cembre 2017)<\/li><li>R\u00e9dacteur dans Donn\u00e9es pour Exercer 2016 et dans Br\u00e8ves en pharmacovigilance de Lille (2014-2015)<\/li><\/ul>\n\n\n\n<h1 class=\"wp-block-heading\">Diverses fonctions en lien avec la m\u00e9decine (web, associatif)<\/h1>\n\n\n\n<ul class=\"wp-block-list\"><li>Co-fondateur du collectif Du C\u00f4t\u00e9 de la Science (depuis ao\u00fbt 2020)<\/li><li>Co-cr\u00e9ateur et webmaster de Stop-postillons.fr, initiative dans la lutte contre le COVID-19 (depuis mars 2020)<\/li><li>Co-webmaster de Asthme-Plong\u00e9e.com (depuis juin 2018)<\/li><li>Cr\u00e9ation \/ webmaster du site du CRPV du Nord-Pas-de-Calais (<a href=\"http:\/\/pharmacovigilance-npdc.fr\">http:\/\/pharmacovigilance-npdc.fr<\/a>)&nbsp;et gestionnaire de communaut\u00e9 (@CRPV_Lille) (mai \u00e0 novembre 2014)<\/li><li>Webmaster de French Association of Young Researcher \u2013 General Practice (mars 2015 &#8211; mars 2016)<\/li><li>Pr\u00e9sident&nbsp;de l\u2019Association des Internes de l\u2019H\u00f4pital de Boulogne-sur-mer (mai &#8211; novembre 2013)<\/li><li>Vice-pr\u00e9sident charg\u00e9 de la communication \u00e0 l\u2019ACEML (septembre 2006 \u2013 ao\u00fbt 2007)<\/li><li>R\u00e9dacteur-en-chef et maquettiste du journal de facult\u00e9 L\u2019Echo du St\u00e9tho&nbsp;(septembre 2006 &#8211; septembre 2007) : 3 \u00e9ditions, 6000 ex.<\/li><\/ul>\n","protected":false},"excerpt":{"rendered":"<p>Activit\u00e9s principales M\u00e9decin g\u00e9n\u00e9raliste, install\u00e9 \u00e0 Outreau depuis mars 2015 Charg\u00e9 d&rsquo;enseignement \u00e0 la facult\u00e9 de m\u00e9decine de Lille Praticien agr\u00e9\u00e9 &#8211; ma\u00eetre de stage des universit\u00e9s (depuis novembre 2019) Titres\u00a0 Ancien chef de clinique des universit\u00e9s de Lille (novembre 2014 &#8211; novembre 2017) Laur\u00e9at de la facult\u00e9 de m\u00e9decine de Lille (2014) Dipl\u00f4mes notables &hellip; <a href=\"https:\/\/rochoy.fr\/michael\/a-propos\/\" class=\"more-link\">Continuer la lecture<span class=\"screen-reader-text\"> de &laquo;&nbsp;CV (2021)&nbsp;&raquo;<\/span><\/a><\/p>\n","protected":false},"author":1,"featured_media":0,"parent":0,"menu_order":0,"comment_status":"closed","ping_status":"closed","template":"","meta":{"footnotes":""},"class_list":["post-10","page","type-page","status-publish","hentry"],"jetpack_sharing_enabled":true,"_links":{"self":[{"href":"https:\/\/rochoy.fr\/michael\/wp-json\/wp\/v2\/pages\/10","targetHints":{"allow":["GET"]}}],"collection":[{"href":"https:\/\/rochoy.fr\/michael\/wp-json\/wp\/v2\/pages"}],"about":[{"href":"https:\/\/rochoy.fr\/michael\/wp-json\/wp\/v2\/types\/page"}],"author":[{"embeddable":true,"href":"https:\/\/rochoy.fr\/michael\/wp-json\/wp\/v2\/users\/1"}],"replies":[{"embeddable":true,"href":"https:\/\/rochoy.fr\/michael\/wp-json\/wp\/v2\/comments?post=10"}],"version-history":[{"count":11,"href":"https:\/\/rochoy.fr\/michael\/wp-json\/wp\/v2\/pages\/10\/revisions"}],"predecessor-version":[{"id":1807,"href":"https:\/\/rochoy.fr\/michael\/wp-json\/wp\/v2\/pages\/10\/revisions\/1807"}],"wp:attachment":[{"href":"https:\/\/rochoy.fr\/michael\/wp-json\/wp\/v2\/media?parent=10"}],"curies":[{"name":"wp","href":"https:\/\/api.w.org\/{rel}","templated":true}]}}